{"id":435,"date":"2024-08-07T08:23:28","date_gmt":"2024-08-07T08:23:28","guid":{"rendered":"https:\/\/welstaff.eu\/toostuslikud-teenused\/"},"modified":"2024-08-15T09:16:15","modified_gmt":"2024-08-15T09:16:15","slug":"toostuslikud-teenused","status":"publish","type":"page","link":"https:\/\/welstaff.eu\/et\/toostuslikud-teenused\/","title":{"rendered":"T\u00f6\u00f6stuslikud teenused"},"content":{"rendered":"\n<div class=\"wp-block-group alignfull has-background-background-color has-background has-global-padding is-layout-constrained wp-container-core-group-is-layout-e2790c3b wp-block-group-is-layout-constrained\" style=\"margin-top:0;margin-bottom:0;padding-top:var(--wp--preset--spacing--30);padding-right:var(--wp--preset--spacing--10);padding-bottom:var(--wp--preset--spacing--30);padding-left:var(--wp--preset--spacing--10)\">\n<div class=\"wp-block-columns alignwide is-layout-flex wp-container-core-columns-is-layout-28f84493 wp-block-columns-is-layout-flex\">\n<div class=\"wp-block-column is-layout-flow wp-block-column-is-layout-flow\" style=\"flex-basis:100%\">\n<div class=\"wp-block-uagb-container uagb-block-603bab0d alignwide uagb-is-root-container\">\n<div class=\"wp-block-columns is-layout-flex wp-container-core-columns-is-layout-28f84493 wp-block-columns-is-layout-flex\">\n<div class=\"wp-block-column is-layout-flow wp-block-column-is-layout-flow\" style=\"flex-basis:100%\">\n<div class=\"wp-block-group has-global-padding is-layout-constrained wp-block-group-is-layout-constrained\">\n<h1 class=\"wp-block-heading alignwide has-text-align-center has-large-font-size\" style=\"margin-top:0;margin-bottom:var(--wp--preset--spacing--10);text-transform:uppercase\">Industriaalsed teenused<\/h1>\n\n\n\n<p class=\"has-text-align-center\">Keevitajate ja t\u00f6\u00f6stuspersonali professionaalne rentimine<\/p>\n<\/div>\n<\/div>\n<\/div>\n\n\n\n<h2 class=\"wp-block-heading has-text-align-center is-style-default has-large-font-size\" style=\"margin-top:var(--wp--preset--spacing--20);margin-bottom:0\">Mida me pakume<\/h2>\n\n\n\n<p class=\"has-text-align-center\" style=\"margin-top:0;margin-right:0\">Meie hoolitseme k\u00f5ikide suuruste projektide eest, alati prioriseerides meie kliente. Kasutades meie ulatuslikku v\u00f5rgustikku teenindatavatel t\u00f6\u00f6stusharudel, pakume kvaliteetset t\u00f6\u00f6d konkurentsiv\u00f5imeliste hindadega. Kiirete t\u00e4itmisajaga pakume t\u00e4ielikke lahendusi ja saame efektiivselt mehitada teie projekte ja tegevusi. Meie personalilahendused h\u00f5lmavad t\u00e4islahendusi koos juhtimisega v\u00f5i \u00fcksikute personalimissioonide t\u00e4itmist.<\/p>\n<\/div>\n<\/div>\n<\/div>\n\n\n\n<div class=\"wp-block-columns are-vertically-aligned-top is-layout-flex wp-container-core-columns-is-layout-08c01c1c wp-block-columns-is-layout-flex\">\n<div class=\"wp-block-column is-vertically-aligned-top is-layout-flow wp-block-column-is-layout-flow\">\n<div class=\"wp-block-group has-global-padding is-layout-constrained wp-block-group-is-layout-constrained\">\n<h2 class=\"wp-block-heading\">Industriaalteenus<\/h2>\n\n\n\n<ul class=\"wp-block-list\">\n<li>Masinate paigaldamine ja hooldus<\/li>\n\n\n\n<li>Remondid<\/li>\n\n\n\n<li>Kontrollid<\/li>\n\n\n\n<li>Keevitus<\/li>\n\n\n\n<li>Sepistamine<\/li>\n\n\n\n<li>Torustik<\/li>\n\n\n\n<li>Kokkupanek<\/li>\n<\/ul>\n<\/div>\n<\/div>\n\n\n\n<div class=\"wp-block-column is-vertically-aligned-top is-layout-flow wp-block-column-is-layout-flow\">\n<figure class=\"wp-block-image size-full is-resized\"><img loading=\"lazy\" decoding=\"async\" width=\"5270\" height=\"5270\" src=\"https:\/\/welstaff.eu\/wp-content\/uploads\/2024\/08\/2134.png\" alt=\"\" class=\"wp-image-223\" style=\"width:368px;height:auto\" srcset=\"https:\/\/welstaff.eu\/wp-content\/uploads\/2024\/08\/2134.png 5270w, https:\/\/welstaff.eu\/wp-content\/uploads\/2024\/08\/2134-300x300.png 300w, https:\/\/welstaff.eu\/wp-content\/uploads\/2024\/08\/2134-1024x1024.png 1024w, https:\/\/welstaff.eu\/wp-content\/uploads\/2024\/08\/2134-150x150.png 150w, https:\/\/welstaff.eu\/wp-content\/uploads\/2024\/08\/2134-768x768.png 768w, https:\/\/welstaff.eu\/wp-content\/uploads\/2024\/08\/2134-1536x1536.png 1536w, https:\/\/welstaff.eu\/wp-content\/uploads\/2024\/08\/2134-2048x2048.png 2048w\" sizes=\"auto, (max-width: 5270px) 100vw, 5270px\" \/><\/figure>\n<\/div>\n<\/div>\n<\/div>\n\n<div class=\"wp-block-group alignfull has-base-background-color has-background has-global-padding is-layout-constrained wp-block-group-is-layout-constrained\" style=\"padding-top:var(--wp--preset--spacing--30);padding-bottom:var(--wp--preset--spacing--30)\">\n<div class=\"wp-block-columns alignwide is-layout-flex wp-container-core-columns-is-layout-28f84493 wp-block-columns-is-layout-flex\">\n<div class=\"wp-block-column is-layout-flow wp-block-column-is-layout-flow\">\n<p class=\"has-text-align-center\">V\u00f5ta meiega t\u00e4na \u00fchendust, et arutada oma vajadusi ja teada saada, kuidas saame toetada sinu projekte. Oleme valmis aitama sul leida parimaid spetsialiste ja tagama sinu \u00e4ri edu.<\/p>\n<\/div>\n\n\n\n<div class=\"wp-block-column is-vertically-aligned-center is-layout-flow wp-block-column-is-layout-flow\">\n<div class=\"wp-block-uagb-buttons uagb-buttons__outer-wrap uagb-btn__medium-btn uagb-btn-tablet__default-btn uagb-btn-mobile__default-btn uagb-block-8a63317b\"><div class=\"uagb-buttons__wrap uagb-buttons-layout-wrap \">\n<div class=\"wp-block-uagb-buttons-child uagb-buttons__outer-wrap uagb-block-210ab737 wp-block-button\"><div class=\"uagb-button__wrapper\"><a class=\"uagb-buttons-repeater wp-block-button__link\" aria-label=\"\" href=\"https:\/\/welstaff.eu\/contact\/#contact\" rel=\"follow noopener\" target=\"_self\" role=\"button\"><div class=\"uagb-button__link\">V\u00d5TA MEIEGA \u00dcHENDUST<\/div><span class=\"uagb-button__icon uagb-button__icon-position-after\"><svg xmlns=\"https:\/\/www.w3.org\/2000\/svg\" viewbox=\"0 0 448 512\" aria-hidden=\"true\" focussable=\"false\"><path d=\"M438.6 278.6l-160 160C272.4 444.9 264.2 448 256 448s-16.38-3.125-22.62-9.375c-12.5-12.5-12.5-32.75 0-45.25L338.8 288H32C14.33 288 .0016 273.7 .0016 256S14.33 224 32 224h306.8l-105.4-105.4c-12.5-12.5-12.5-32.75 0-45.25s32.75-12.5 45.25 0l160 160C451.1 245.9 451.1 266.1 438.6 278.6z\"><\/path><\/svg><\/span><\/a><\/div><\/div>\n<\/div><\/div>\n<\/div>\n<\/div>\n<\/div>\n","protected":false},"excerpt":{"rendered":"<p>Industriaalsed teenused Keevitajate ja t\u00f6\u00f6stuspersonali professionaalne rentimine Mida me pakume Meie hoolitseme k\u00f5ikide suuruste projektide eest, alati prioriseerides meie kliente. Kasutades meie ulatuslikku v\u00f5rgustikku teenindatavatel t\u00f6\u00f6stusharudel, pakume kvaliteetset t\u00f6\u00f6d konkurentsiv\u00f5imeliste hindadega. Kiirete t\u00e4itmisajaga pakume t\u00e4ielikke lahendusi ja saame efektiivselt mehitada teie projekte ja tegevusi. Meie personalilahendused h\u00f5lmavad t\u00e4islahendusi koos juhtimisega v\u00f5i \u00fcksikute personalimissioonide t\u00e4itmist. Industriaalteenus [&hellip;]<\/p>\n","protected":false},"author":1,"featured_media":0,"parent":0,"menu_order":0,"comment_status":"closed","ping_status":"closed","template":"page-no-title","meta":{"_uag_custom_page_level_css":"","_monsterinsights_skip_tracking":false,"_monsterinsights_sitenote_active":false,"_monsterinsights_sitenote_note":"","_monsterinsights_sitenote_category":0,"footnotes":""},"class_list":["post-435","page","type-page","status-publish","hentry"],"aioseo_notices":[],"uagb_featured_image_src":{"full":false,"thumbnail":false,"medium":false,"medium_large":false,"large":false,"1536x1536":false,"2048x2048":false},"uagb_author_info":{"display_name":"admin","author_link":"https:\/\/welstaff.eu\/et\/author\/admin\/"},"uagb_comment_info":0,"uagb_excerpt":"Industriaalsed teenused Keevitajate ja t\u00f6\u00f6stuspersonali professionaalne rentimine Mida me pakume Meie hoolitseme k\u00f5ikide suuruste projektide eest, alati prioriseerides meie kliente. Kasutades meie ulatuslikku v\u00f5rgustikku teenindatavatel t\u00f6\u00f6stusharudel, pakume kvaliteetset t\u00f6\u00f6d konkurentsiv\u00f5imeliste hindadega. Kiirete t\u00e4itmisajaga pakume t\u00e4ielikke lahendusi ja saame efektiivselt mehitada teie projekte ja tegevusi. Meie personalilahendused h\u00f5lmavad t\u00e4islahendusi koos juhtimisega v\u00f5i \u00fcksikute personalimissioonide t\u00e4itmist. Industriaalteenus&hellip;","_links":{"self":[{"href":"https:\/\/welstaff.eu\/et\/wp-json\/wp\/v2\/pages\/435","targetHints":{"allow":["GET"]}}],"collection":[{"href":"https:\/\/welstaff.eu\/et\/wp-json\/wp\/v2\/pages"}],"about":[{"href":"https:\/\/welstaff.eu\/et\/wp-json\/wp\/v2\/types\/page"}],"author":[{"embeddable":true,"href":"https:\/\/welstaff.eu\/et\/wp-json\/wp\/v2\/users\/1"}],"replies":[{"embeddable":true,"href":"https:\/\/welstaff.eu\/et\/wp-json\/wp\/v2\/comments?post=435"}],"version-history":[{"count":2,"href":"https:\/\/welstaff.eu\/et\/wp-json\/wp\/v2\/pages\/435\/revisions"}],"predecessor-version":[{"id":569,"href":"https:\/\/welstaff.eu\/et\/wp-json\/wp\/v2\/pages\/435\/revisions\/569"}],"wp:attachment":[{"href":"https:\/\/welstaff.eu\/et\/wp-json\/wp\/v2\/media?parent=435"}],"curies":[{"name":"wp","href":"https:\/\/api.w.org\/{rel}","templated":true}]}}