{"id":451,"date":"2024-08-06T21:45:48","date_gmt":"2024-08-06T21:45:48","guid":{"rendered":"https:\/\/welstaff.eu\/keevitus\/"},"modified":"2024-08-15T09:21:30","modified_gmt":"2024-08-15T09:21:30","slug":"keevitus","status":"publish","type":"page","link":"https:\/\/welstaff.eu\/et\/keevitus\/","title":{"rendered":"Keevitus"},"content":{"rendered":"\n<div class=\"wp-block-group alignfull has-background-background-color has-background has-global-padding is-layout-constrained wp-container-core-group-is-layout-14887229 wp-block-group-is-layout-constrained\" style=\"margin-top:0;margin-bottom:0;padding-top:var(--wp--preset--spacing--30);padding-right:var(--wp--preset--spacing--30);padding-bottom:var(--wp--preset--spacing--30);padding-left:var(--wp--preset--spacing--30)\">\n<div class=\"wp-block-group alignwide has-global-padding is-layout-constrained wp-block-group-is-layout-constrained\">\n<div class=\"wp-block-uagb-container uagb-block-c6151b4e alignwide uagb-is-root-container\">\n<h1 class=\"wp-block-heading has-text-align-center has-large-font-size\" style=\"text-transform:uppercase\">Professionaalne keevitusteenus<\/h1>\n\n\n\n<p class=\"has-text-align-center\" style=\"margin-top:16px\">Welstaffi eesm\u00e4rk on pakkuda tipptasemel keevitajaid teie ehitusvajaduste rahuldamiseks. Alates meie asutamisest 2016. aastal on meist saanud usaldusv\u00e4\u00e4rne partner kogu Skandinaavias, tagades teie projektide edu kogenud spetsialistide abil.<\/p>\n\n\n\n<p class=\"has-text-align-center\" style=\"margin-top:16px\">Pakume k\u00f5rgelt kvalifitseeritud keevitajaid ehitusprojektidele, tagades tipptasemel t\u00f6\u00f6 kvaliteedi ja ohutusstandardite j\u00e4rgimise.<\/p>\n<\/div>\n<\/div>\n\n\n\n<div class=\"wp-block-columns alignwide is-layout-flex wp-container-core-columns-is-layout-28f84493 wp-block-columns-is-layout-flex\">\n<div class=\"wp-block-column is-layout-flow wp-block-column-is-layout-flow\">\n<div class=\"wp-block-cover wp-duotone-duotone-4\"><span aria-hidden=\"true\" class=\"wp-block-cover__background has-contrast-background-color has-background-dim-70 has-background-dim\"><\/span><img loading=\"lazy\" decoding=\"async\" width=\"1280\" height=\"960\" class=\"wp-block-cover__image-background wp-image-234\" alt=\"\" src=\"https:\/\/welstaff.eu\/wp-content\/uploads\/2024\/08\/XXXL.jpg\" data-object-fit=\"cover\" srcset=\"https:\/\/welstaff.eu\/wp-content\/uploads\/2024\/08\/XXXL.jpg 1280w, https:\/\/welstaff.eu\/wp-content\/uploads\/2024\/08\/XXXL-300x225.jpg 300w, https:\/\/welstaff.eu\/wp-content\/uploads\/2024\/08\/XXXL-1024x768.jpg 1024w, https:\/\/welstaff.eu\/wp-content\/uploads\/2024\/08\/XXXL-768x576.jpg 768w\" sizes=\"auto, (max-width: 1280px) 100vw, 1280px\" \/><div class=\"wp-block-cover__inner-container has-global-padding is-layout-constrained wp-block-cover-is-layout-constrained\">\n<p class=\"has-text-align-center has-base-2-color has-text-color has-link-color has-large-font-size wp-elements-de04260f72fa249b1ab0b39e7042a2b2\" style=\"font-style:normal;font-weight:300;line-height:1.2;text-transform:uppercase\">Metallkonstruktsioon \/ Paigaldus<\/p>\n<\/div><\/div>\n<\/div>\n\n\n\n<div class=\"wp-block-column is-layout-flow wp-block-column-is-layout-flow\">\n<div class=\"wp-block-cover wp-duotone-duotone-5\"><span aria-hidden=\"true\" class=\"wp-block-cover__background has-contrast-background-color has-background-dim\"><\/span><img loading=\"lazy\" decoding=\"async\" width=\"2400\" height=\"1440\" class=\"wp-block-cover__image-background wp-image-227\" alt=\"\" src=\"https:\/\/welstaff.eu\/wp-content\/uploads\/2024\/08\/tuapsevesti.jpg\" data-object-fit=\"cover\" srcset=\"https:\/\/welstaff.eu\/wp-content\/uploads\/2024\/08\/tuapsevesti.jpg 2400w, https:\/\/welstaff.eu\/wp-content\/uploads\/2024\/08\/tuapsevesti-300x180.jpg 300w, https:\/\/welstaff.eu\/wp-content\/uploads\/2024\/08\/tuapsevesti-1024x614.jpg 1024w, https:\/\/welstaff.eu\/wp-content\/uploads\/2024\/08\/tuapsevesti-768x461.jpg 768w, https:\/\/welstaff.eu\/wp-content\/uploads\/2024\/08\/tuapsevesti-1536x922.jpg 1536w, https:\/\/welstaff.eu\/wp-content\/uploads\/2024\/08\/tuapsevesti-2048x1229.jpg 2048w\" sizes=\"auto, (max-width: 2400px) 100vw, 2400px\" \/><div class=\"wp-block-cover__inner-container has-global-padding is-layout-constrained wp-block-cover-is-layout-constrained\">\n<p class=\"has-text-align-center has-large-font-size\" style=\"font-style:normal;font-weight:300;line-height:1.2;text-transform:uppercase\">Suurte mahtude v\u00f5imekus<br\/>(PAAGID)<\/p>\n<\/div><\/div>\n<\/div>\n\n\n\n<div class=\"wp-block-column is-layout-flow wp-block-column-is-layout-flow\">\n<div class=\"wp-block-cover wp-duotone-duotone-4\"><span aria-hidden=\"true\" class=\"wp-block-cover__background has-contrast-background-color has-background-dim\"><\/span><img loading=\"lazy\" decoding=\"async\" width=\"1242\" height=\"1225\" class=\"wp-block-cover__image-background wp-image-228\" alt=\"\" src=\"https:\/\/welstaff.eu\/wp-content\/uploads\/2024\/08\/49dd3f6db8b1f7ff496986ad1099693c.jpg\" data-object-fit=\"cover\" srcset=\"https:\/\/welstaff.eu\/wp-content\/uploads\/2024\/08\/49dd3f6db8b1f7ff496986ad1099693c.jpg 1242w, https:\/\/welstaff.eu\/wp-content\/uploads\/2024\/08\/49dd3f6db8b1f7ff496986ad1099693c-300x296.jpg 300w, https:\/\/welstaff.eu\/wp-content\/uploads\/2024\/08\/49dd3f6db8b1f7ff496986ad1099693c-1024x1010.jpg 1024w, https:\/\/welstaff.eu\/wp-content\/uploads\/2024\/08\/49dd3f6db8b1f7ff496986ad1099693c-768x757.jpg 768w\" sizes=\"auto, (max-width: 1242px) 100vw, 1242px\" \/><div class=\"wp-block-cover__inner-container has-global-padding is-layout-constrained wp-block-cover-is-layout-constrained\">\n<p class=\"has-text-align-center has-large-font-size\" style=\"font-style:normal;font-weight:300;line-height:1.2\">TORUD<\/p>\n<\/div><\/div>\n<\/div>\n<\/div>\n\n\n\n<h2 class=\"wp-block-heading has-text-align-center\">Svetsimismetod<\/h2>\n\n\n\n<div class=\"wp-block-columns alignwide is-layout-flex wp-container-core-columns-is-layout-87beb0d0 wp-block-columns-is-layout-flex\">\n<div class=\"wp-block-column is-layout-flow wp-block-column-is-layout-flow\">\n<div class=\"wp-block-uagb-info-box uagb-block-89d94753 uagb-infobox__content-wrap  uagb-infobox-icon-above-title uagb-infobox-image-valign-top\"><div class=\"uagb-ifb-content\"><div class=\"uagb-ifb-title-wrap\"><h2 class=\"uagb-ifb-title\">111 &#8211; Metoodika<\/h2><\/div><div class=\"uagb-ifb-separator\"><\/div><p class=\"uagb-ifb-desc\">Metallkaare keevitus, puuri<\/p><\/div><\/div>\n\n\n\n<div class=\"wp-block-uagb-info-box uagb-block-bff68809 uagb-infobox__content-wrap  uagb-infobox-icon-above-title uagb-infobox-image-valign-top\"><div class=\"uagb-ifb-content\"><div class=\"uagb-ifb-title-wrap\"><h2 class=\"uagb-ifb-title\">138 &#8211; Metoodika<\/h2><\/div><div class=\"uagb-ifb-separator\"><\/div><p class=\"uagb-ifb-desc\">Metallpulbri keevitus<\/p><\/div><\/div>\n<\/div>\n\n\n\n<div class=\"wp-block-column is-layout-flow wp-block-column-is-layout-flow\">\n<div class=\"wp-block-uagb-info-box uagb-block-c750f0f2 uagb-infobox__content-wrap  uagb-infobox-icon-above-title uagb-infobox-image-valign-top\"><div class=\"uagb-ifb-content\"><div class=\"uagb-ifb-title-wrap\"><h2 class=\"uagb-ifb-title\">131 &#8211; Metoodika<\/h2><\/div><div class=\"uagb-ifb-separator\"><\/div><p class=\"uagb-ifb-desc\">Mig<\/p><\/div><\/div>\n\n\n\n<div class=\"wp-block-uagb-info-box uagb-block-9d4468d6 uagb-infobox__content-wrap  uagb-infobox-icon-above-title uagb-infobox-image-valign-top\"><div class=\"uagb-ifb-content\"><div class=\"uagb-ifb-title-wrap\"><h2 class=\"uagb-ifb-title\">141 &#8211; Metoodika<\/h2><\/div><div class=\"uagb-ifb-separator\"><\/div><p class=\"uagb-ifb-desc\">TIG<\/p><\/div><\/div>\n<\/div>\n\n\n\n<div class=\"wp-block-column is-layout-flow wp-block-column-is-layout-flow\">\n<div class=\"wp-block-uagb-info-box uagb-block-86fdf5c5 uagb-infobox__content-wrap  uagb-infobox-icon-above-title uagb-infobox-image-valign-top\"><div class=\"uagb-ifb-content\"><div class=\"uagb-ifb-title-wrap\"><h2 class=\"uagb-ifb-title\">135 &#8211; Metoodika<\/h2><\/div><div class=\"uagb-ifb-separator\"><\/div><p class=\"uagb-ifb-desc\">Vaskkattega traad<\/p><\/div><\/div>\n\n\n\n<div class=\"wp-block-uagb-info-box uagb-block-98b4035b uagb-infobox__content-wrap  uagb-infobox-icon-above-title uagb-infobox-image-valign-top\"><div class=\"uagb-ifb-content\"><div class=\"uagb-ifb-title-wrap\"><h2 class=\"uagb-ifb-title\">311 &#8211; Metoodika<\/h2><\/div><div class=\"uagb-ifb-separator\"><\/div><p class=\"uagb-ifb-desc\">GAS<\/p><\/div><\/div>\n<\/div>\n\n\n\n<div class=\"wp-block-column is-layout-flow wp-block-column-is-layout-flow\">\n<div class=\"wp-block-uagb-info-box uagb-block-6c1081e7 uagb-infobox__content-wrap  uagb-infobox-icon-above-title uagb-infobox-image-valign-top\"><div class=\"uagb-ifb-content\"><div class=\"uagb-ifb-title-wrap\"><h2 class=\"uagb-ifb-title\">136 &#8211; Metoodika<\/h2><\/div><div class=\"uagb-ifb-separator\"><\/div><p class=\"uagb-ifb-desc\">Pulbertraat<\/p><\/div><\/div>\n<\/div>\n<\/div>\n<\/div>\n\n<div class=\"wp-block-group alignfull has-base-background-color has-background has-global-padding is-layout-constrained wp-block-group-is-layout-constrained\" style=\"padding-top:var(--wp--preset--spacing--30);padding-bottom:var(--wp--preset--spacing--30)\">\n<div class=\"wp-block-columns alignwide is-layout-flex wp-container-core-columns-is-layout-28f84493 wp-block-columns-is-layout-flex\">\n<div class=\"wp-block-column is-layout-flow wp-block-column-is-layout-flow\">\n<p class=\"has-text-align-center\">V\u00f5ta meiega t\u00e4na \u00fchendust, et arutada oma vajadusi ja teada saada, kuidas saame toetada sinu projekte. Oleme valmis aitama sul leida parimaid spetsialiste ja tagama sinu \u00e4ri edu.<\/p>\n<\/div>\n\n\n\n<div class=\"wp-block-column is-vertically-aligned-center is-layout-flow wp-block-column-is-layout-flow\">\n<div class=\"wp-block-uagb-buttons uagb-buttons__outer-wrap uagb-btn__medium-btn uagb-btn-tablet__default-btn uagb-btn-mobile__default-btn uagb-block-8a63317b\"><div class=\"uagb-buttons__wrap uagb-buttons-layout-wrap \">\n<div class=\"wp-block-uagb-buttons-child uagb-buttons__outer-wrap uagb-block-210ab737 wp-block-button\"><div class=\"uagb-button__wrapper\"><a class=\"uagb-buttons-repeater wp-block-button__link\" aria-label=\"\" href=\"https:\/\/welstaff.eu\/contact\/#contact\" rel=\"follow noopener\" target=\"_self\" role=\"button\"><div class=\"uagb-button__link\">V\u00d5TA MEIEGA \u00dcHENDUST<\/div><span class=\"uagb-button__icon uagb-button__icon-position-after\"><svg xmlns=\"https:\/\/www.w3.org\/2000\/svg\" viewbox=\"0 0 448 512\" aria-hidden=\"true\" focussable=\"false\"><path d=\"M438.6 278.6l-160 160C272.4 444.9 264.2 448 256 448s-16.38-3.125-22.62-9.375c-12.5-12.5-12.5-32.75 0-45.25L338.8 288H32C14.33 288 .0016 273.7 .0016 256S14.33 224 32 224h306.8l-105.4-105.4c-12.5-12.5-12.5-32.75 0-45.25s32.75-12.5 45.25 0l160 160C451.1 245.9 451.1 266.1 438.6 278.6z\"><\/path><\/svg><\/span><\/a><\/div><\/div>\n<\/div><\/div>\n<\/div>\n<\/div>\n<\/div>\n","protected":false},"excerpt":{"rendered":"<p>Professionaalne keevitusteenus Welstaffi eesm\u00e4rk on pakkuda tipptasemel keevitajaid teie ehitusvajaduste rahuldamiseks. Alates meie asutamisest 2016. aastal on meist saanud usaldusv\u00e4\u00e4rne partner kogu Skandinaavias, tagades teie projektide edu kogenud spetsialistide abil. Pakume k\u00f5rgelt kvalifitseeritud keevitajaid ehitusprojektidele, tagades tipptasemel t\u00f6\u00f6 kvaliteedi ja ohutusstandardite j\u00e4rgimise. Svetsimismetod V\u00f5ta meiega t\u00e4na \u00fchendust, et arutada oma vajadusi ja teada saada, kuidas [&hellip;]<\/p>\n","protected":false},"author":1,"featured_media":0,"parent":0,"menu_order":0,"comment_status":"closed","ping_status":"closed","template":"page-no-title","meta":{"_uag_custom_page_level_css":"","_monsterinsights_skip_tracking":false,"_monsterinsights_sitenote_active":false,"_monsterinsights_sitenote_note":"","_monsterinsights_sitenote_category":0,"footnotes":""},"class_list":["post-451","page","type-page","status-publish","hentry"],"aioseo_notices":[],"uagb_featured_image_src":{"full":false,"thumbnail":false,"medium":false,"medium_large":false,"large":false,"1536x1536":false,"2048x2048":false},"uagb_author_info":{"display_name":"admin","author_link":"https:\/\/welstaff.eu\/et\/author\/admin\/"},"uagb_comment_info":0,"uagb_excerpt":"Professionaalne keevitusteenus Welstaffi eesm\u00e4rk on pakkuda tipptasemel keevitajaid teie ehitusvajaduste rahuldamiseks. Alates meie asutamisest 2016. aastal on meist saanud usaldusv\u00e4\u00e4rne partner kogu Skandinaavias, tagades teie projektide edu kogenud spetsialistide abil. Pakume k\u00f5rgelt kvalifitseeritud keevitajaid ehitusprojektidele, tagades tipptasemel t\u00f6\u00f6 kvaliteedi ja ohutusstandardite j\u00e4rgimise. Svetsimismetod V\u00f5ta meiega t\u00e4na \u00fchendust, et arutada oma vajadusi ja teada saada, kuidas&hellip;","_links":{"self":[{"href":"https:\/\/welstaff.eu\/et\/wp-json\/wp\/v2\/pages\/451","targetHints":{"allow":["GET"]}}],"collection":[{"href":"https:\/\/welstaff.eu\/et\/wp-json\/wp\/v2\/pages"}],"about":[{"href":"https:\/\/welstaff.eu\/et\/wp-json\/wp\/v2\/types\/page"}],"author":[{"embeddable":true,"href":"https:\/\/welstaff.eu\/et\/wp-json\/wp\/v2\/users\/1"}],"replies":[{"embeddable":true,"href":"https:\/\/welstaff.eu\/et\/wp-json\/wp\/v2\/comments?post=451"}],"version-history":[{"count":1,"href":"https:\/\/welstaff.eu\/et\/wp-json\/wp\/v2\/pages\/451\/revisions"}],"predecessor-version":[{"id":452,"href":"https:\/\/welstaff.eu\/et\/wp-json\/wp\/v2\/pages\/451\/revisions\/452"}],"wp:attachment":[{"href":"https:\/\/welstaff.eu\/et\/wp-json\/wp\/v2\/media?parent=451"}],"curies":[{"name":"wp","href":"https:\/\/api.w.org\/{rel}","templated":true}]}}