{"id":417,"date":"2024-08-06T10:07:13","date_gmt":"2024-08-06T10:07:13","guid":{"rendered":"https:\/\/welstaff.eu\/om-oss\/"},"modified":"2024-08-15T10:31:26","modified_gmt":"2024-08-15T10:31:26","slug":"om-oss","status":"publish","type":"page","link":"https:\/\/welstaff.eu\/sv\/om-oss\/","title":{"rendered":"Om oss"},"content":{"rendered":"\n<div class=\"wp-block-group alignfull has-background-background-color has-background has-global-padding is-layout-constrained wp-block-group-is-layout-constrained\" style=\"margin-top:0;margin-bottom:0;padding-top:0;padding-bottom:0\">\n<div class=\"wp-block-cover alignfull wp-duotone-duotone-1\" style=\"padding-top:0;padding-right:var(--wp--preset--spacing--30);padding-bottom:0;padding-left:var(--wp--preset--spacing--30);min-height:50px;aspect-ratio:unset;\"><span aria-hidden=\"true\" class=\"wp-block-cover__background has-black-background-color has-background-dim-70 has-background-dim\"><\/span><img loading=\"lazy\" decoding=\"async\" width=\"1920\" height=\"1300\" class=\"wp-block-cover__image-background wp-image-242\" alt=\"\" src=\"https:\/\/welstaff.eu\/wp-content\/uploads\/2024\/08\/section-image-ws91.png\" data-object-fit=\"cover\" srcset=\"https:\/\/welstaff.eu\/wp-content\/uploads\/2024\/08\/section-image-ws91.png 1920w, https:\/\/welstaff.eu\/wp-content\/uploads\/2024\/08\/section-image-ws91-300x203.png 300w, https:\/\/welstaff.eu\/wp-content\/uploads\/2024\/08\/section-image-ws91-1024x693.png 1024w, https:\/\/welstaff.eu\/wp-content\/uploads\/2024\/08\/section-image-ws91-768x520.png 768w, https:\/\/welstaff.eu\/wp-content\/uploads\/2024\/08\/section-image-ws91-1536x1040.png 1536w\" sizes=\"auto, (max-width: 1920px) 100vw, 1920px\" \/><div class=\"wp-block-cover__inner-container is-layout-flow wp-block-cover-is-layout-flow\">\n<div class=\"wp-block-group has-global-padding is-layout-constrained wp-block-group-is-layout-constrained\" style=\"padding-top:var(--wp--preset--spacing--60);padding-bottom:var(--wp--preset--spacing--60)\">\n<h1 class=\"wp-block-heading alignwide has-text-align-center has-text-color has-x-large-font-size\" style=\"color:#fffffffc\">Om oss<\/h1>\n\n\n\n<p class=\"has-text-align-center\">Welstaff &#8211; experter p\u00e5 att anst\u00e4lla svetsare och industriarbetare<\/p>\n<\/div>\n<\/div><\/div>\n<\/div>\n\n<div class=\"wp-block-group alignfull has-global-padding is-layout-constrained wp-block-group-is-layout-constrained\" style=\"margin-top:var(--wp--preset--spacing--40);margin-bottom:var(--wp--preset--spacing--40)\">\n<div class=\"wp-block-columns alignwide is-layout-flex wp-container-core-columns-is-layout-28f84493 wp-block-columns-is-layout-flex\">\n<div class=\"wp-block-column is-layout-flow wp-block-column-is-layout-flow\" style=\"flex-basis:100%\">\n<div class=\"wp-block-group alignfull is-vertical is-layout-flex wp-container-core-group-is-layout-fe9cc265 wp-block-group-is-layout-flex\">\n<div class=\"wp-block-columns alignwide is-layout-flex wp-container-core-columns-is-layout-8d88fe0f wp-block-columns-is-layout-flex\" style=\"padding-top:var(--wp--preset--spacing--20);padding-bottom:var(--wp--preset--spacing--20)\">\n<div class=\"wp-block-column is-layout-flow wp-block-column-is-layout-flow\">\n<h2 class=\"wp-block-heading\">Vilka vi \u00e4r<\/h2>\n\n\n\n<p style=\"padding-top:var(--wp--preset--spacing--10);padding-bottom:var(--wp--preset--spacing--10)\">Welstaff grundades 2016 och specialiserar sig p\u00e5 att anst\u00e4lla svets- och industriproffs i hela Skandinavien, vilket s\u00e4kerst\u00e4ller kvalitet och effektivitet i varje projekt.<br\/><br\/>Vi och v\u00e5ra partners kan l\u00e4gga ut p\u00e5 underleverant\u00f6rer och \u00e4ven tillhandah\u00e5lla blanking- och installationstj\u00e4nster.<br\/><br\/>V\u00e5rt uppdrag \u00e4r att \u00f6verbrygga klyftan mellan exceptionella talanger och f\u00f6retag som s\u00f6ker f\u00f6rstklassig expertis f\u00f6r sina projekt.<\/p>\n<\/div>\n\n\n\n<div class=\"wp-block-column is-vertically-aligned-center is-layout-flow wp-block-column-is-layout-flow\" style=\"padding-top:var(--wp--preset--spacing--20);padding-bottom:var(--wp--preset--spacing--20)\">\n<figure class=\"wp-block-image aligncenter size-full is-resized\"><img decoding=\"async\" src=\"https:\/\/welstaff.eu\/wp-content\/uploads\/2024\/08\/lOGO2-1.svg\" alt=\"\" class=\"wp-image-81\" style=\"width:250px;height:auto\"\/><\/figure>\n<\/div>\n<\/div>\n<\/div>\n<\/div>\n<\/div>\n<\/div>\n\n<div class=\"wp-block-group alignfull has-global-padding is-layout-constrained wp-block-group-is-layout-constrained\" style=\"margin-top:var(--wp--preset--spacing--40);margin-bottom:var(--wp--preset--spacing--40);padding-top:0;padding-bottom:0\">\n<h2 class=\"wp-block-heading alignwide has-text-align-left\" style=\"padding-top:var(--wp--preset--spacing--20);padding-bottom:var(--wp--preset--spacing--20)\">V\u00e5r service<\/h2>\n\n\n\n<div class=\"wp-block-columns alignwide is-layout-flex wp-container-core-columns-is-layout-28f84493 wp-block-columns-is-layout-flex\">\n<div class=\"wp-block-column is-layout-flow wp-block-column-is-layout-flow\" style=\"flex-basis:100%\">\n<div class=\"wp-block-group alignfull is-vertical is-layout-flex wp-container-core-group-is-layout-fe9cc265 wp-block-group-is-layout-flex\">\n<div class=\"wp-block-columns alignwide is-layout-flex wp-container-core-columns-is-layout-28f84493 wp-block-columns-is-layout-flex\">\n<div class=\"wp-block-column is-layout-flow wp-block-column-is-layout-flow\">\n<h4 class=\"wp-block-heading\">Svetstj\u00e4nster<\/h4>\n\n\n\n<p style=\"padding-top:var(--wp--preset--spacing--10);padding-bottom:var(--wp--preset--spacing--10)\">Vi erbjuder ett brett utbud av svetstj\u00e4nster och garanterar h\u00f6gsta m\u00f6jliga kvalitet och s\u00e4kerhet. V\u00e5rt team av svetsare har alla n\u00f6dv\u00e4ndiga certifieringar f\u00f6r att utf\u00f6ra kvalificerade svetsarbeten. De svetsmetoder vi anv\u00e4nder \u00e4r bl.a: 111, 131, 135, 136, 138, 141, 311<\/p>\n<\/div>\n\n\n\n<div class=\"wp-block-column is-vertically-aligned-top is-layout-flow wp-block-column-is-layout-flow\">\n<h4 class=\"wp-block-heading\">Industriella tj\u00e4nster<\/h4>\n\n\n\n<p style=\"padding-top:var(--wp--preset--spacing--10);padding-bottom:var(--wp--preset--spacing--10)\">Ut\u00f6ver svetsning erbjuder vi omfattande industriservice, inklusive installation, underh\u00e5ll och reparation av utrustning. V\u00e5ra experter ser till att din verksamhet fungerar smidigt och effektivt, minimerar stillest\u00e5ndstiden och maximerar produktiviteten.<\/p>\n<\/div>\n<\/div>\n<\/div>\n<\/div>\n<\/div>\n<\/div>\n\n<hr class=\"wp-block-separator has-alpha-channel-opacity is-style-dots\" style=\"margin-top:var(--wp--preset--spacing--30);margin-bottom:var(--wp--preset--spacing--30)\"\/>\n\n<div class=\"wp-block-group alignwide has-global-padding is-layout-constrained wp-block-group-is-layout-constrained\" style=\"margin-top:var(--wp--preset--spacing--40);margin-bottom:var(--wp--preset--spacing--40)\">\n<h2 class=\"wp-block-heading alignwide has-text-align-center\">F\u00f6retagsledning<\/h2>\n\n\n\n<hr class=\"wp-block-separator has-text-color has-alpha-channel-opacity has-background is-style-wide\" style=\"margin-top:var(--wp--preset--spacing--30);margin-bottom:var(--wp--preset--spacing--30);background-color:#eeeeee;color:#eeeeee\"\/>\n\n\n\n<div class=\"wp-block-uagb-team uagb-team__image-position-left uagb-team__align-left uagb-team__stack-tablet uagb-block-b2825db0\"><img decoding=\"async\" class=\"uagb-team__image-crop-circle\" src=\"https:\/\/welstaff.eu\/wp-content\/uploads\/2024\/08\/Aleksej-150x150.png\" alt=\"\" height=\"154\" width=\"154\" loading=\"lazy\"\/><div class=\"uagb-team__content\"><h2 class=\"uagb-team__title\">Aleksei Veidenbaum<\/h2><span class=\"uagb-team__prefix\">VD \/ Projektledare<\/span><p class=\"uagb-team__desc\">+372 53 583 939<br\/>+46 73 838 30 88<br\/>(EST \/ ENG \/ RUS)<\/p><\/div><\/div>\n\n\n\n<hr class=\"wp-block-separator has-text-color has-alpha-channel-opacity has-background is-style-wide\" style=\"margin-top:var(--wp--preset--spacing--30);margin-bottom:var(--wp--preset--spacing--30);background-color:#eeeeee;color:#eeeeee\"\/>\n<\/div>\n","protected":false},"excerpt":{"rendered":"<p>Vilka vi \u00e4r Welstaff grundades 2016 och specialiserar sig p\u00e5 att anst\u00e4lla svets- och industriproffs i hela Skandinavien, vilket s\u00e4kerst\u00e4ller kvalitet och effektivitet i varje projekt. Vi och v\u00e5ra partners kan l\u00e4gga ut p\u00e5 underleverant\u00f6rer och \u00e4ven tillhandah\u00e5lla blanking- och installationstj\u00e4nster. V\u00e5rt uppdrag \u00e4r att \u00f6verbrygga klyftan mellan exceptionella talanger och f\u00f6retag som s\u00f6ker f\u00f6rstklassig [&hellip;]<\/p>\n","protected":false},"author":1,"featured_media":0,"parent":0,"menu_order":0,"comment_status":"closed","ping_status":"closed","template":"page-no-title","meta":{"_uag_custom_page_level_css":"","_monsterinsights_skip_tracking":false,"_monsterinsights_sitenote_active":false,"_monsterinsights_sitenote_note":"","_monsterinsights_sitenote_category":0,"footnotes":""},"class_list":["post-417","page","type-page","status-publish","hentry"],"aioseo_notices":[],"uagb_featured_image_src":{"full":false,"thumbnail":false,"medium":false,"medium_large":false,"large":false,"1536x1536":false,"2048x2048":false},"uagb_author_info":{"display_name":"admin","author_link":"https:\/\/welstaff.eu\/sv\/author\/admin\/"},"uagb_comment_info":0,"uagb_excerpt":"Vilka vi \u00e4r Welstaff grundades 2016 och specialiserar sig p\u00e5 att anst\u00e4lla svets- och industriproffs i hela Skandinavien, vilket s\u00e4kerst\u00e4ller kvalitet och effektivitet i varje projekt. Vi och v\u00e5ra partners kan l\u00e4gga ut p\u00e5 underleverant\u00f6rer och \u00e4ven tillhandah\u00e5lla blanking- och installationstj\u00e4nster. V\u00e5rt uppdrag \u00e4r att \u00f6verbrygga klyftan mellan exceptionella talanger och f\u00f6retag som s\u00f6ker f\u00f6rstklassig&hellip;","_links":{"self":[{"href":"https:\/\/welstaff.eu\/sv\/wp-json\/wp\/v2\/pages\/417","targetHints":{"allow":["GET"]}}],"collection":[{"href":"https:\/\/welstaff.eu\/sv\/wp-json\/wp\/v2\/pages"}],"about":[{"href":"https:\/\/welstaff.eu\/sv\/wp-json\/wp\/v2\/types\/page"}],"author":[{"embeddable":true,"href":"https:\/\/welstaff.eu\/sv\/wp-json\/wp\/v2\/users\/1"}],"replies":[{"embeddable":true,"href":"https:\/\/welstaff.eu\/sv\/wp-json\/wp\/v2\/comments?post=417"}],"version-history":[{"count":1,"href":"https:\/\/welstaff.eu\/sv\/wp-json\/wp\/v2\/pages\/417\/revisions"}],"predecessor-version":[{"id":418,"href":"https:\/\/welstaff.eu\/sv\/wp-json\/wp\/v2\/pages\/417\/revisions\/418"}],"wp:attachment":[{"href":"https:\/\/welstaff.eu\/sv\/wp-json\/wp\/v2\/media?parent=417"}],"curies":[{"name":"wp","href":"https:\/\/api.w.org\/{rel}","templated":true}]}}