{"id":449,"date":"2024-08-06T10:07:12","date_gmt":"2024-08-06T10:07:12","guid":{"rendered":"https:\/\/welstaff.eu\/vara-tjanster\/"},"modified":"2024-08-15T09:18:50","modified_gmt":"2024-08-15T09:18:50","slug":"vara-tjanster","status":"publish","type":"page","link":"https:\/\/welstaff.eu\/sv\/vara-tjanster\/","title":{"rendered":"V\u00e5ra tj\u00e4nster"},"content":{"rendered":"\n<div class=\"wp-block-group alignfull has-background-background-color has-background has-global-padding is-layout-constrained wp-block-group-is-layout-constrained\" style=\"margin-top:0;margin-bottom:0;padding-top:0;padding-bottom:0\">\n<div class=\"wp-block-cover alignfull\" style=\"padding-top:0;padding-right:var(--wp--preset--spacing--30);padding-bottom:0;padding-left:var(--wp--preset--spacing--30);min-height:444px;aspect-ratio:unset;\"><span aria-hidden=\"true\" class=\"wp-block-cover__background has-black-background-color has-background-dim-60 has-background-dim\"><\/span><img loading=\"lazy\" decoding=\"async\" width=\"2940\" height=\"1960\" class=\"wp-block-cover__image-background wp-image-117\" alt=\"\" src=\"https:\/\/welstaff.eu\/wp-content\/uploads\/2024\/08\/1231.png\" data-object-fit=\"cover\" srcset=\"https:\/\/welstaff.eu\/wp-content\/uploads\/2024\/08\/1231.png 2940w, https:\/\/welstaff.eu\/wp-content\/uploads\/2024\/08\/1231-300x200.png 300w, https:\/\/welstaff.eu\/wp-content\/uploads\/2024\/08\/1231-1024x683.png 1024w, https:\/\/welstaff.eu\/wp-content\/uploads\/2024\/08\/1231-768x512.png 768w, https:\/\/welstaff.eu\/wp-content\/uploads\/2024\/08\/1231-1536x1024.png 1536w, https:\/\/welstaff.eu\/wp-content\/uploads\/2024\/08\/1231-2048x1365.png 2048w\" sizes=\"auto, (max-width: 2940px) 100vw, 2940px\" \/><div class=\"wp-block-cover__inner-container is-layout-flow wp-block-cover-is-layout-flow\">\n<div class=\"wp-block-group has-global-padding is-layout-constrained wp-block-group-is-layout-constrained\" style=\"padding-top:var(--wp--preset--spacing--60);padding-bottom:var(--wp--preset--spacing--60)\">\n<h1 class=\"wp-block-heading alignwide has-text-align-center has-text-color has-x-large-font-size\" style=\"color:#fffffffc\">V\u00e5ra tj\u00e4nster<\/h1>\n\n\n\n<p class=\"has-text-align-center\">Professionella svets- och industril\u00f6sningar fr\u00e5n Welstaff<\/p>\n<\/div>\n<\/div><\/div>\n<\/div>\n\n<div class=\"wp-block-group alignfull has-base-2-background-color has-background has-global-padding is-layout-constrained wp-block-group-is-layout-constrained\" style=\"padding-top:var(--wp--preset--spacing--10);padding-bottom:var(--wp--preset--spacing--10)\">\n<div class=\"wp-block-columns alignwide is-layout-flex wp-container-core-columns-is-layout-28f84493 wp-block-columns-is-layout-flex\">\n<div class=\"wp-block-column is-vertically-aligned-center is-layout-flow wp-block-column-is-layout-flow\">\n<h2 class=\"wp-block-heading has-text-align-center\">V\u00e5ra tj\u00e4nster<\/h2>\n\n\n\n<p class=\"has-text-align-center\">Welstaff erbjuder specialiserade l\u00f6sningar inom svetsning och industriella tj\u00e4nster. Vi tillhandah\u00e5ller mycket skickliga svetsare. V\u00e5rt team av svetsare har alla n\u00f6dv\u00e4ndiga certifieringar f\u00f6r att utf\u00f6ra kvalificerade svetsarbeten. De svetsmetoder vi anv\u00e4nder inkluderar: 111, 131, 135, 136, 138, 141, 311. Vi garanterar framg\u00e5ng och effektivitet f\u00f6r dina projekt \u00f6ver hela Skandinavien.<\/p>\n\n\n\n<div class=\"wp-block-columns alignfull are-vertically-aligned-center is-layout-flex wp-container-core-columns-is-layout-28f84493 wp-block-columns-is-layout-flex\">\n<div class=\"wp-block-column is-vertically-aligned-center is-layout-flow wp-block-column-is-layout-flow\" style=\"flex-basis:50%\">\n<div class=\"wp-block-uagb-container uagb-block-7f8ddea0 alignfull uagb-is-root-container\"><div class=\"uagb-container-inner-blocks-wrap\">\n<div class=\"wp-block-uagb-image aligncenter uagb-block-5c7d5789 wp-block-uagb-image--layout-overlay wp-block-uagb-image--effect-static wp-block-uagb-image--align-center\"><figure class=\"wp-block-uagb-image__figure\"><a class=\"\" href=\"https:\/\/welstaff.eu\/sv\/svetsning\/\" target=\"\" rel=\"noopener\"><img decoding=\"async\" srcset=\"https:\/\/welstaff.eu\/wp-content\/uploads\/2024\/08\/11-1024x1024.png ,https:\/\/welstaff.eu\/wp-content\/uploads\/2024\/08\/11.png 780w, https:\/\/welstaff.eu\/wp-content\/uploads\/2024\/08\/11.png 360w\" sizes=\"auto, (max-width: 480px) 150px\" src=\"https:\/\/welstaff.eu\/wp-content\/uploads\/2024\/08\/11-1024x1024.png\" alt=\"\" class=\"uag-image-63\" width=\"610\" height=\"610\" title=\"Svetsning\" loading=\"lazy\" role=\"img\"><\/a><div class=\"wp-block-uagb-image--layout-overlay__color-wrapper\"><\/div><div class=\"wp-block-uagb-image--layout-overlay__inner center-center\"><a class=\"wp-block-uagb-image--layout-overlay-link \" href=\"https:\/\/welstaff.eu\/sv\/svetsning\/\" target=\"\" rel=\"noopener\"><\/a><h2 class=\"uagb-image-heading\">SVETSNING<\/h2><figcaption class=\"uagb-image-caption\">V\u00e5rt team av svetsare har alla n\u00f6dv\u00e4ndiga certifieringar f\u00f6r att utf\u00f6ra kvalificerade svetsarbeten. De svetsmetoder vi anv\u00e4nder \u00e4r bl.a: 111, 131, 135, 136, 138, 141, 311<\/figcaption><div class=\"uagb-image-separator\"><\/div><\/div><\/figure><\/div>\n<\/div><\/div>\n<\/div>\n\n\n\n<div class=\"wp-block-column is-vertically-aligned-center is-layout-flow wp-block-column-is-layout-flow\" style=\"flex-basis:50%\">\n<div class=\"wp-block-uagb-container uagb-block-eb39b2c1 alignfull uagb-is-root-container\"><div class=\"uagb-container-inner-blocks-wrap\">\n<div class=\"wp-block-uagb-image aligncenter uagb-block-a569a329 wp-block-uagb-image--layout-overlay wp-block-uagb-image--effect-static wp-block-uagb-image--align-center\"><figure class=\"wp-block-uagb-image__figure\"><a class=\"\" href=\"https:\/\/welstaff.eu\/sv\/industriella-tjanster\/\" target=\"\" rel=\"noopener\"><img decoding=\"async\" srcset=\"https:\/\/welstaff.eu\/wp-content\/uploads\/2024\/08\/2134-1024x1024.png ,https:\/\/welstaff.eu\/wp-content\/uploads\/2024\/08\/2134.png 780w, https:\/\/welstaff.eu\/wp-content\/uploads\/2024\/08\/2134.png 360w\" sizes=\"auto, (max-width: 480px) 150px\" src=\"https:\/\/welstaff.eu\/wp-content\/uploads\/2024\/08\/2134-1024x1024.png\" alt=\"\" class=\"uag-image-223\" width=\"1024\" height=\"1024\" title=\"2134\" loading=\"lazy\" role=\"img\"><\/a><div class=\"wp-block-uagb-image--layout-overlay__color-wrapper\"><\/div><div class=\"wp-block-uagb-image--layout-overlay__inner center-center\"><a class=\"wp-block-uagb-image--layout-overlay-link \" href=\"https:\/\/welstaff.eu\/sv\/industriella-tjanster\/\" target=\"\" rel=\"noopener\"><\/a><h2 class=\"uagb-image-heading\">INDUSTRIELLA TJ\u00c4NSTER<\/h2><figcaption class=\"uagb-image-caption\">V\u00e5ra omfattande industriella tj\u00e4nster inkluderar installation, underh\u00e5ll och reparation av utrustning, anpassade f\u00f6r att m\u00f6ta de specifika behoven f\u00f6r dina projekt.<\/figcaption><div class=\"uagb-image-separator\"><\/div><\/div><\/figure><\/div>\n<\/div><\/div>\n<\/div>\n<\/div>\n<\/div>\n<\/div>\n<\/div>\n\n<div class=\"wp-block-group alignfull has-background has-global-padding is-layout-constrained wp-block-group-is-layout-constrained\" id=\"contact\" style=\"background-color:#f0f3ff;padding-top:var(--wp--preset--spacing--20);padding-bottom:var(--wp--preset--spacing--10)\">\n<div class=\"wp-block-columns alignwide is-layout-flex wp-container-core-columns-is-layout-28f84493 wp-block-columns-is-layout-flex\">\n<div class=\"wp-block-column is-vertically-aligned-center has-global-padding is-layout-constrained wp-block-column-is-layout-constrained\" style=\"padding-top:var(--wp--preset--spacing--20);padding-bottom:var(--wp--preset--spacing--20)\">\n<figure class=\"wp-block-image aligncenter size-full\"><img decoding=\"async\" src=\"https:\/\/welstaff.eu\/wp-content\/uploads\/2024\/08\/ICO.svg\" alt=\"\" class=\"wp-image-83\"\/><\/figure>\n\n\n\n<h2 class=\"wp-block-heading has-text-align-center has-contrast-color has-text-color has-link-color wp-elements-198a7b2785348288024ae7ac06e9545a\" style=\"margin-top:var(--wp--preset--spacing--30);margin-bottom:var(--wp--preset--spacing--10)\">Kontaktformul\u00e4r<\/h2>\n\n\n\n<p class=\"has-text-align-center has-contrast-color has-text-color has-link-color wp-elements-e4f384629b80a0c8059e4ec60ebfc38c\" style=\"margin-top:var(--wp--preset--spacing--10);margin-bottom:var(--wp--preset--spacing--30);padding-right:var(--wp--preset--spacing--40);padding-left:var(--wp--preset--spacing--40)\">Beh\u00f6ver du v\u00e5ra tj\u00e4nster? Fyll i kontaktformul\u00e4ret s\u00e5 \u00e5terkommer vi med de b\u00e4sta l\u00f6sningarna f\u00f6r ditt projekt!<\/p>\n<\/div>\n\n\n\n<div class=\"wp-block-column is-layout-flow wp-block-column-is-layout-flow\" style=\"padding-top:var(--wp--preset--spacing--10);padding-bottom:var(--wp--preset--spacing--10)\">\n<div class=\"wp-block-uagb-container uagb-layout-flex uagb-block-d49060a1 alignwide uagb-is-root-container\">\n<div class=\"wp-block-columns is-layout-flex wp-container-core-columns-is-layout-28f84493 wp-block-columns-is-layout-flex\">\n<div class=\"wp-block-column is-vertically-aligned-center has-global-padding is-layout-constrained wp-block-column-is-layout-constrained\" style=\"flex-basis:100%\"><div class='fluentform ff-default fluentform_wrapper_3  ff_guten_block ff_guten_block-3 ffs_default_wrap'><form data-form_id=\"3\" id=\"fluentform_3\" class=\"frm-fluent-form fluent_form_3 ff-el-form-top ff_form_instance_3_1 ff-form-loading ffs_default\" data-form_instance=\"ff_form_instance_3_1\" method=\"POST\" ><fieldset  style=\"border: none!important;margin: 0!important;padding: 0!important;background-color: transparent!important;box-shadow: none!important;outline: none!important; min-inline-size: 100%;\">\n                    <legend class=\"ff_screen_reader_title\" style=\"display: block; margin: 0!important;padding: 0!important;height: 0!important;text-indent: -999999px;width: 0!important;overflow:hidden;\">Contact Form Demo (#3)<\/legend><input type='hidden' name='__fluent_form_embded_post_id' value='449' \/><input type=\"hidden\" id=\"_fluentform_3_fluentformnonce\" name=\"_fluentform_3_fluentformnonce\" value=\"906039ca5f\" \/><input type=\"hidden\" name=\"_wp_http_referer\" value=\"\/sv\/wp-json\/wp\/v2\/pages\/449\" \/><div data-type=\"name-element\" data-name=\"names\" class=\" ff-field_container ff-name-field-wrapper\" ><div class='ff-t-container'><div class='ff-t-cell '><div class='ff-el-group'><div class=\"ff-el-input--label asterisk-right\"><label for='ff_3_names_first_name_' id='label_ff_3_names_first_name_' >First Name<\/label><\/div><div class='ff-el-input--content'><input type=\"text\" name=\"names[first_name]\" id=\"ff_3_names_first_name_\" class=\"ff-el-form-control\" placeholder=\"First Name\" aria-invalid=\"false\" aria-required=false><\/div><\/div><\/div><div class='ff-t-cell '><div class='ff-el-group'><div class=\"ff-el-input--label asterisk-right\"><label for='ff_3_names_last_name_' id='label_ff_3_names_last_name_' >Last Name<\/label><\/div><div class='ff-el-input--content'><input type=\"text\" name=\"names[last_name]\" id=\"ff_3_names_last_name_\" class=\"ff-el-form-control\" placeholder=\"Last Name\" aria-invalid=\"false\" aria-required=false><\/div><\/div><\/div><\/div><\/div><div class='ff-el-group'><div class=\"ff-el-input--label ff-el-is-required asterisk-right\"><label for='ff_3_email' id='label_ff_3_email' aria-label=\"Email\">Email<\/label><\/div><div class='ff-el-input--content'><input type=\"email\" name=\"email\" id=\"ff_3_email\" class=\"ff-el-form-control\" placeholder=\"Email Address\" data-name=\"email\"  aria-invalid=\"false\" aria-required=true><\/div><\/div><div class='ff-el-group'><div class=\"ff-el-input--label ff-el-is-required asterisk-right\"><label for='ff_3_subject' id='label_ff_3_subject' aria-label=\"Phone\">Phone<\/label><\/div><div class='ff-el-input--content'><input type=\"text\" name=\"subject\" class=\"ff-el-form-control\" placeholder=\"Phone\" data-name=\"subject\" id=\"ff_3_subject\"  aria-invalid=\"false\" aria-required=true><\/div><\/div><div class='ff-el-group'><div class=\"ff-el-input--label ff-el-is-required asterisk-right\"><label for='ff_3_dropdown' id='label_ff_3_dropdown' aria-label=\"Request Purpose\">Request Purpose<\/label><\/div><div class='ff-el-input--content'><select name=\"dropdown\" id=\"ff_3_dropdown\" class=\"ff-el-form-control\" data-name=\"dropdown\" data-calc_value=\"0\"  aria-invalid=\"false\" aria-required=\"true\" aria-labelledby=\"label_ff_3_dropdown\"><option value=\"\">&#8211; Select &#8211;<\/option><option value=\"Welding service\"  >Welding service<\/option><option value=\"Industrial service\"  >Industrial service<\/option><option value=\"Info\"  >Info<\/option><\/select><\/div><\/div><div class='ff-el-group'><div class=\"ff-el-input--label asterisk-right\"><label for='ff_3_subject_1' id='label_ff_3_subject_1' aria-label=\"Subject\">Subject<\/label><\/div><div class='ff-el-input--content'><input type=\"text\" name=\"subject_1\" class=\"ff-el-form-control\" placeholder=\"Subject\" data-name=\"subject_1\" id=\"ff_3_subject_1\"  aria-invalid=\"false\" aria-required=false><\/div><\/div><div class='ff-el-group'><div class=\"ff-el-input--label asterisk-right\"><label for='ff_3_message' id='label_ff_3_message' aria-label=\"Your Message\">Your Message<\/label><\/div><div class='ff-el-input--content'><textarea aria-required=\"false\" aria-labelledby=\"label_ff_3_message\" name=\"message\" id=\"ff_3_message\" class=\"ff-el-form-control\" placeholder=\"Your Message\" rows=\"4\" cols=\"2\" data-name=\"message\" ><\/textarea><\/div><\/div><div class='ff-el-group ff-text-left ff_submit_btn_wrapper'><button type=\"submit\" class=\"ff-btn ff-btn-submit ff-btn-md ff_btn_style\"  aria-label=\"Submit Form\">Submit Form<\/button><\/div><\/fieldset><\/form><div id='fluentform_3_errors' class='ff-errors-in-stack ff_form_instance_3_1 ff-form-loading_errors ff_form_instance_3_1_errors'><\/div><\/div>            <script type=\"text\/javascript\">\n                window.fluent_form_ff_form_instance_3_1 = {\"id\":\"3\",\"ajaxUrl\":\"https:\\\/\\\/welstaff.eu\\\/wp-admin\\\/admin-ajax.php\",\"settings\":{\"layout\":{\"labelPlacement\":\"top\",\"helpMessagePlacement\":\"with_label\",\"errorMessagePlacement\":\"inline\",\"cssClassName\":\"\",\"asteriskPlacement\":\"asterisk-right\"},\"restrictions\":{\"denyEmptySubmission\":{\"enabled\":false}}},\"form_instance\":\"ff_form_instance_3_1\",\"form_id_selector\":\"fluentform_3\",\"rules\":{\"names[first_name]\":{\"required\":{\"value\":false,\"message\":\"This field is required\",\"global\":true,\"global_message\":\"This field is required\"}},\"names[middle_name]\":{\"required\":{\"value\":false,\"message\":\"This field is required\",\"global\":true,\"global_message\":\"This field is required\"}},\"names[last_name]\":{\"required\":{\"value\":false,\"message\":\"This field is required\",\"global\":true,\"global_message\":\"This field is required\"}},\"email\":{\"required\":{\"value\":true,\"message\":\"This field is required\",\"global\":true,\"global_message\":\"This field is required\"},\"email\":{\"value\":true,\"message\":\"This field must contain a valid email\",\"global\":true,\"global_message\":\"This field must contain a valid email\"}},\"subject\":{\"required\":{\"value\":true,\"message\":\"This field is required\",\"global\":true,\"global_message\":\"This field is required\"}},\"dropdown\":{\"required\":{\"value\":true,\"message\":\"This field is required\",\"global_message\":\"This field is required\",\"global\":true}},\"subject_1\":{\"required\":{\"value\":false,\"message\":\"This field is required\",\"global\":true,\"global_message\":\"This field is required\"}},\"message\":{\"required\":{\"value\":false,\"message\":\"This field is required\",\"global\":true,\"global_message\":\"This field is required\"}}},\"debounce_time\":300};\n                            <\/script>\n            <\/div>\n<\/div>\n<\/div>\n<\/div>\n<\/div>\n<\/div>\n","protected":false},"excerpt":{"rendered":"<p>V\u00e5ra tj\u00e4nster Welstaff erbjuder specialiserade l\u00f6sningar inom svetsning och industriella tj\u00e4nster. Vi tillhandah\u00e5ller mycket skickliga svetsare. V\u00e5rt team av svetsare har alla n\u00f6dv\u00e4ndiga certifieringar f\u00f6r att utf\u00f6ra kvalificerade svetsarbeten. De svetsmetoder vi anv\u00e4nder inkluderar: 111, 131, 135, 136, 138, 141, 311. Vi garanterar framg\u00e5ng och effektivitet f\u00f6r dina projekt \u00f6ver hela Skandinavien. Kontaktformul\u00e4r Beh\u00f6ver du [&hellip;]<\/p>\n","protected":false},"author":1,"featured_media":0,"parent":0,"menu_order":0,"comment_status":"closed","ping_status":"closed","template":"page-no-title","meta":{"_uag_custom_page_level_css":"","_monsterinsights_skip_tracking":false,"_monsterinsights_sitenote_active":false,"_monsterinsights_sitenote_note":"","_monsterinsights_sitenote_category":0,"footnotes":""},"class_list":["post-449","page","type-page","status-publish","hentry"],"aioseo_notices":[],"uagb_featured_image_src":{"full":false,"thumbnail":false,"medium":false,"medium_large":false,"large":false,"1536x1536":false,"2048x2048":false},"uagb_author_info":{"display_name":"admin","author_link":"https:\/\/welstaff.eu\/sv\/author\/admin\/"},"uagb_comment_info":0,"uagb_excerpt":"V\u00e5ra tj\u00e4nster Welstaff erbjuder specialiserade l\u00f6sningar inom svetsning och industriella tj\u00e4nster. Vi tillhandah\u00e5ller mycket skickliga svetsare. V\u00e5rt team av svetsare har alla n\u00f6dv\u00e4ndiga certifieringar f\u00f6r att utf\u00f6ra kvalificerade svetsarbeten. De svetsmetoder vi anv\u00e4nder inkluderar: 111, 131, 135, 136, 138, 141, 311. Vi garanterar framg\u00e5ng och effektivitet f\u00f6r dina projekt \u00f6ver hela Skandinavien. Kontaktformul\u00e4r Beh\u00f6ver du&hellip;","_links":{"self":[{"href":"https:\/\/welstaff.eu\/sv\/wp-json\/wp\/v2\/pages\/449","targetHints":{"allow":["GET"]}}],"collection":[{"href":"https:\/\/welstaff.eu\/sv\/wp-json\/wp\/v2\/pages"}],"about":[{"href":"https:\/\/welstaff.eu\/sv\/wp-json\/wp\/v2\/types\/page"}],"author":[{"embeddable":true,"href":"https:\/\/welstaff.eu\/sv\/wp-json\/wp\/v2\/users\/1"}],"replies":[{"embeddable":true,"href":"https:\/\/welstaff.eu\/sv\/wp-json\/wp\/v2\/comments?post=449"}],"version-history":[{"count":2,"href":"https:\/\/welstaff.eu\/sv\/wp-json\/wp\/v2\/pages\/449\/revisions"}],"predecessor-version":[{"id":576,"href":"https:\/\/welstaff.eu\/sv\/wp-json\/wp\/v2\/pages\/449\/revisions\/576"}],"wp:attachment":[{"href":"https:\/\/welstaff.eu\/sv\/wp-json\/wp\/v2\/media?parent=449"}],"curies":[{"name":"wp","href":"https:\/\/api.w.org\/{rel}","templated":true}]}}